{"id":961,"date":"2019-01-08T11:53:08","date_gmt":"2019-01-08T09:53:08","guid":{"rendered":"http:\/\/nti.ukrintei.ua\/?page_id=961"},"modified":"2019-01-08T11:53:08","modified_gmt":"2019-01-08T09:53:08","slug":"%d0%bd%d0%b0%d1%83%d0%ba%d0%b0-%d1%82%d0%b5%d1%85%d0%bd%d0%be%d0%bb%d0%be%d0%b3%d1%96%d1%97-%d1%96%d0%bd%d0%bd%d0%be%d0%b2%d0%b0%d1%86%d1%96%d1%97-%e2%84%9622-2017-45-52-%d1%81","status":"publish","type":"page","link":"https:\/\/nti.ukrintei.ua\/?page_id=961","title":{"rendered":"\u041d\u0430\u0443\u043a\u0430 \u0442\u0435\u0445\u043d\u043e\u043b\u043e\u0433\u0456\u0457 \u0456\u043d\u043d\u043e\u0432\u0430\u0446\u0456\u0457 \u21162(2)-2017, 45-52 \u0441"},"content":{"rendered":"<p><a title=\"\u041f\u043e\u0432\u043d\u0430 \u0441\u0442\u0430\u0442\u0442\u044f\" href=\"\/wp-content\/uploads\/2018\/05\/2017-2_stat6_UA_povn.pdf\"><img loading=\"lazy\" class=\"alignnone size-full wp-image-359\" src=\"\/wp-content\/uploads\/2018\/05\/pdf-icon.png\" alt=\"\" width=\"32\" height=\"32\" \/>PDF<\/a><\/p>\n<p><strong>\u041a\u0456\u0440\u044e\u0445\u0456\u043d \u041c\u0438\u043a\u043e\u043b\u0430 \u041c\u0438\u0445\u0430\u0439\u043b\u043e\u0432\u0438\u0447<\/strong> \u2014 \u043a\u0430\u043d\u0434. \u0444\u0456\u0437.-\u043c\u0430\u0442. \u043d\u0430\u0443\u043a, \u0441.\u043d.\u0441., \u043f\u0440\u0435\u0437\u0438\u0434\u0435\u043d\u0442 \u0421\u043f\u0456\u043b\u043a\u0438 \u043d\u0430\u0443\u043a\u043e\u0432\u0438\u0445 \u0442\u0430 \u0456\u043d\u0436\u0435\u043d\u0435\u0440\u043d\u0438\u0445 \u043e\u0431\u2019\u0454\u0434\u043d\u0430\u043d\u044c \u0423\u043a\u0440\u0430\u0457\u043d\u0438, \u0432\u0443\u043b. \u0421\u0456\u0447\u043e\u0432\u0438\u0445 \u0421\u0442\u0440\u0456\u043b\u044c\u0446\u0456\u0432, 21, \u043c. \u041a\u0438\u0457\u0432, \u0423\u043a\u0440\u0430\u0457\u043d\u0430; +38 (044) 272-42-85; snio@bigmir.net<\/p>\n<p><strong>\u0421\u0415\u0420\u0422\u0418\u0424\u0406\u041a\u0410\u0426\u0406\u042f \u0406\u041d\u0416\u0415\u041d\u0415\u0420\u0406\u0412 \u0422\u0410 \u0410\u041a\u0420\u0415\u0414\u0418\u0422\u0410\u0426\u0406\u042f \u0406\u041d\u0416\u0415\u041d\u0415\u0420\u041d\u0418\u0425\u00a0\u041f\u0420\u041e\u0413\u0420\u0410\u041c. \u0420\u041e\u041b\u042c \u041c\u0406\u0416\u041d\u0410\u0420\u041e\u0414\u041d\u0418\u0425 \u0406 \u041d\u0410\u0426\u0406\u041e\u041d\u0410\u041b\u042c\u041d\u0418\u0425\u00a0\u0406\u041d\u0416\u0415\u041d\u0415\u0420\u041d\u0418\u0425 \u0424\u0415\u0414\u0415\u0420\u0410\u0426\u0406\u0419<\/strong><\/p>\n<p><strong>\u0420\u0435\u0437\u044e\u043c\u0435.<\/strong> \u0426\u044f \u0441\u0442\u0430\u0442\u0442\u044f \u043f\u0440\u0438\u0441\u0432\u044f\u0447\u0435\u043d\u0430 \u0440\u043e\u043b\u0456 \u043c\u0456\u0436\u043d\u0430\u0440\u043e\u0434\u043d\u0438\u0445 \u0456 \u043d\u0430\u0446\u0456\u043e\u043d\u0430\u043b\u044c\u043d\u0438\u0445 \u0456\u043d\u0436\u0435\u043d\u0435\u0440\u043d\u0438\u0445 \u0444\u0435\u0434\u0435\u0440\u0430\u0446\u0456\u0439 \u0443 \u0441\u0438\u0441\u0442\u0435\u043c\u0456 \u043d\u0435\u0437\u0430\u043b\u0435\u0436\u043d\u043e\u0433\u043e \u043e\u0446\u0456\u043d\u044e\u0432\u0430\u043d\u043d\u044f \u043a\u0432\u0430\u043b\u0456\u0444\u0456\u043a\u0430\u0446\u0456\u0457 \u0444\u0430\u0445\u0456\u0432\u0446\u0456\u0432. \u041d\u0430\u0432\u0435\u0434\u0435\u043d\u043e \u043f\u0435\u0440\u0435\u043b\u0456\u043a \u043d\u0430\u0439\u0431\u0456\u043b\u044c\u0448 \u0430\u0432\u0442\u043e\u0440\u0438\u0442\u0435\u0442\u043d\u0438\u0445 \u0432 \u0404\u0432\u0440\u043e\u043f\u0456 \u0456 \u0441\u0432\u0456\u0442\u0456 \u043c\u0456\u0436\u043d\u0430\u0440\u043e\u0434\u043d\u0438\u0445 \u0442\u0435\u0445\u043d\u0456\u0447\u043d\u0438\u0445 \u0444\u0435\u0434\u0435\u0440\u0430\u0446\u0456\u0439, \u044f\u043a\u0456 \u0437\u0430\u0439\u043c\u0430\u044e\u0442\u044c\u0441\u044f \u0441\u0435\u0440\u0442\u0438\u0444\u0456\u043a\u0430\u0446\u0456\u0454\u044e \u0456\u043d\u0436\u0435\u043d\u0435\u0440\u0456\u0432. \u0422\u0430\u043a\u043e\u0436 \u043d\u0430\u0434\u0430\u043d\u043e \u043e\u0433\u043b\u044f\u0434 \u0434\u0432\u043e\u0445 \u043d\u0430\u0439\u0431\u0456\u043b\u044c\u0448 \u0432\u043f\u043b\u0438\u0432\u043e\u0432\u0438\u0445 \u0443 \u0441\u0432\u0456\u0442\u0456 \u0430\u0441\u043e\u0446\u0456\u0430\u0446\u0456\u0439 \u0456\u0437 \u043d\u0435\u0437\u0430\u043b\u0435\u0436\u043d\u043e\u0457 \u0430\u043a\u0440\u0435\u0434\u0438\u0442\u0430\u0446\u0456\u0457 \u0456\u043d\u0436\u0435\u043d\u0435\u0440\u043d\u043e\u0457 \u043e\u0441\u0432\u0456\u0442\u0438, \u0430 \u0441\u0430\u043c\u0435: \u041c\u0456\u0436\u043d\u0430\u0440\u043e\u0434\u043d\u043e\u0433\u043e \u0456\u043d\u0436\u0435\u043d\u0435\u0440\u043d\u043e\u0433\u043e \u0430\u043b\u044c\u044f\u043d\u0441\u0443 \u0442\u0430 \u0404\u0432\u0440\u043e\u043f\u0435\u0439\u0441\u044c\u043a\u043e\u0457 \u043c\u0435\u0440\u0435\u0436\u0456 \u0437 \u0430\u043a\u0440\u0435\u0434\u0438\u0442\u0430\u0446\u0456\u0457 \u0456\u043d\u0436\u0435\u043d\u0435\u0440\u043d\u043e\u0457 \u043e\u0441\u0432\u0456\u0442\u0438 (ENAEE). \u041e\u043f\u0438\u0441\u0430\u043d\u043e \u0432\u043f\u0440\u043e\u0432\u0430\u0434\u0436\u0435\u043d\u043d\u044f \u0454\u0432\u0440\u043e\u043f\u0435\u0439\u0441\u044c\u043a\u0438\u0445 \u0456\u043d\u0456\u0446\u0456\u0430\u0442\u0438\u0432 \u0432 \u0423\u043a\u0440\u0430\u0457\u043d\u0456.<\/p>\n<p><strong>\u041a\u043b\u044e\u0447\u043e\u0432\u0456 \u0441\u043b\u043e\u0432\u0430:<\/strong> \u0433\u0440\u043e\u043c\u0430\u0434\u0441\u044c\u043a\u0456 \u043e\u0440\u0433\u0430\u043d\u0456\u0437\u0430\u0446\u0456\u0457, \u0441\u0435\u0440\u0442\u0438\u0444\u0456\u043a\u0430\u0446\u0456\u044f \u0456\u043d\u0436\u0435\u043d\u0435\u0440\u0456\u0432, \u043e\u0446\u0456\u043d\u043a\u0430 \u043a\u0432\u0430\u043b\u0456\u0444\u0456\u043a\u0430\u0446\u0456\u0457, \u0430\u043a\u0440\u0435\u0434\u0438\u0442\u0430\u0446\u0456\u044f, \u043e\u0446\u0456\u043d\u043a\u0430 \u044f\u043a\u043e\u0441\u0442\u0456 \u043e\u0441\u0432\u0456\u0442\u0438.<\/p>\n<p><strong>\u0421\u041f\u0418\u0421\u041e\u041a \u0412\u0418\u041a\u041e\u0420\u0418\u0421\u0422\u0410\u041d\u0418\u0425 \u0414\u0416\u0415\u0420\u0415\u041b<\/strong><br \/>\n1. \u0421\u0430\u0439\u0442 \u0421\u043f\u0456\u043b\u043a\u0438 \u043d\u0430\u0443\u043a\u043e\u0432\u0438\u0445 \u0442\u0430 \u0456\u043d\u0436\u0435\u043d\u0435\u0440\u043d\u0438\u0445 \u043e\u0431\u2019\u0454\u0434\u043d\u0430\u043d\u044c \u0423\u043a\u0440\u0430\u0457\u043d\u0438 &#8211; [electronic resource]. \u2013 Access: www.snio.org.ua.<br \/>\n2. \u0421\u0430\u0439\u0442\u0438 \u043d\u0430\u0446\u0456\u043e\u043d\u0430\u043b\u044c\u043d\u0438\u0445 \u0456\u043d\u0436\u0435\u043d\u0435\u0440\u043d\u0438\u0445 \u0430\u0441\u043e\u0446\u0456\u0430\u0446\u0456\u0439 \u0440\u0456\u0437\u043d\u0438\u0445 \u043a\u0440\u0430\u0457\u043d \u0441\u0432\u0456\u0442\u0443 [\u0435\u043b\u0435\u043a\u0442\u0440\u043e\u043d\u043d\u0456 \u0440\u0435\u0441\u0443\u0440\u0441\u0438]: \u041a\u0438\u0442\u0430\u044e \u2013 China Association for Science and Technology. \u2013 \u0420\u0435\u0436\u0438\u043c \u0434\u043e\u0441\u0442\u0443\u043f\u0443: \u2013 http:\/\/www.cast.org.cn\/ ; \u0412\u0435\u043b\u0438\u043a\u043e\u0431\u0440\u0438\u0442\u0430\u043d\u0456\u0457: Engineering Council. \u2013 \u0420\u0435\u0436\u0438\u043c \u0434\u043e\u0441\u0442\u0443\u043f\u0443: \u2013 www.engc.org.uk ; \u041d\u0456\u043c\u0435\u0447\u0447\u0438\u043d\u0438: Verein Deutscher Ingenieure. \u2013 \u0420\u0435\u0436\u0438\u043c \u0434\u043e\u0441\u0442\u0443\u043f\u0443: www.vdi.de ; \u0411\u0440\u0430\u0437\u0438\u043b\u0456\u0457: Federa\u00e7\u00e3o Brasileira de Associa\u00e7\u00f5es de Engenheiros. \u2013 \u0420\u0435\u0436\u0438\u043c \u0434\u043e\u0441\u0442\u0443\u043f\u0443: http:\/\/www.febrae.org.br\/ ; \u0406\u043d\u0434\u0456\u0457: The Institution of Engineers (India). \u2013 \u0420\u0435\u0436\u0438\u043c \u0434\u043e\u0441\u0442\u0443\u043f\u0443: https:\/\/www.ieindia.org\/ ; \u0406\u0442\u0430\u043b\u0456\u0457: Consiglio Nazionale Ingegneri. \u2013 \u0420\u0435\u0436\u0438\u043c \u0434\u043e\u0441\u0442\u0443\u043f\u0443: https:\/\/www.tuttoingegnere.it\/ ; \u041f\u043e\u0440\u0442\u0443\u0433\u0430\u043b\u0456\u0457: Ordem dos Engenheiros. \u2013 \u0420\u0435\u0436\u0438\u043c \u0434\u043e\u0441\u0442\u0443\u043f\u0443: http:\/\/www.ordemengenheiros.pt\/<br \/>\n3. World Federation of Engineering Organizations [electronic resource]. \u2013 Access: www.wfeo.net<br \/>\n4. European Federation of National Engineering Associations [electronic resource]. \u2013 Access: www.feani.org<br \/>\n5. European Council of Civil Engineers [electronic resource]. \u2013 Access: http:\/\/www.ecceengineers.eu\/ ; European Council of Engineering Chambers [electronic resource]. \u2013 Access: http:\/\/www.ecec.net\/.<br \/>\n6. \u0421\u0430\u0439\u0442 \u0440\u0435\u0454\u0441\u0442\u0440\u0443 FEANI INDEX [electronic resource]. \u2013 Access: http:\/\/www.feani.org\/site\/index.php?id=138&amp;no_cache=1.<br \/>\n7. International Engineering Alliance [electronic resource]. \u2013 Access: http:\/\/www.ieagreements.org\/.<br \/>\n8. European Network for Accreditation of Engineering Education [electronic resource]. \u2013 Access: www.enaee.eu.<br \/>\n9. European Association for Quality Assurance in Higher Education [electronic resource]. \u2013 Access: http:\/\/www.enqa.eu\/.<br \/>\n10. Soci\u00e9t\u00e9 Europ\u00e9enne pour la Formation des Ing\u00e9nieurs [electronic resource]. \u2013 Access: http:\/\/www.sefi.be\/.<br \/>\n11. \u0421\u0430\u0439\u0442 \u0410\u0441\u043e\u0446\u0456\u0430\u0446\u0456\u0457 \u0440\u0435\u043a\u0442\u043e\u0440\u0456\u0432 \u0432\u0438\u0449\u0438\u0445 \u0442\u0435\u0445\u043d\u0456\u0447\u043d\u0438\u0445 \u043d\u0430\u0432\u0447\u0430\u043b\u044c\u043d\u0438\u0445 \u0437\u0430\u043a\u043b\u0430\u0434\u0456\u0432 \u0423\u043a\u0440\u0430\u0457\u043d\u0438 [electronic resource]. \u2013 Access: http:\/\/www.ar-tech-uni.org.ua\/<\/p>\n","protected":false},"excerpt":{"rendered":"<p>PDF \u041a\u0456\u0440\u044e\u0445\u0456\u043d \u041c\u0438\u043a\u043e\u043b\u0430 \u041c\u0438\u0445\u0430\u0439\u043b\u043e\u0432\u0438\u0447 \u2014 \u043a\u0430\u043d\u0434. \u0444\u0456\u0437.-\u043c\u0430\u0442. \u043d\u0430\u0443\u043a, \u0441.\u043d.\u0441., \u043f\u0440\u0435\u0437\u0438\u0434\u0435\u043d\u0442 \u0421\u043f\u0456\u043b\u043a\u0438 \u043d\u0430\u0443\u043a\u043e\u0432\u0438\u0445 \u0442\u0430 \u0456\u043d\u0436\u0435\u043d\u0435\u0440\u043d\u0438\u0445 \u043e\u0431\u2019\u0454\u0434\u043d\u0430\u043d\u044c \u0423\u043a\u0440\u0430\u0457\u043d\u0438, \u0432\u0443\u043b. \u0421\u0456\u0447\u043e\u0432\u0438\u0445 \u0421\u0442\u0440\u0456\u043b\u044c\u0446\u0456\u0432, 21, \u043c. \u041a\u0438\u0457\u0432, \u0423\u043a\u0440\u0430\u0457\u043d\u0430; +38 (044) 272-42-85; snio@bigmir.net \u0421\u0415\u0420\u0422\u0418\u0424\u0406\u041a\u0410\u0426\u0406\u042f \u0406\u041d\u0416\u0415\u041d\u0415\u0420\u0406\u0412 \u0422\u0410 \u0410\u041a\u0420\u0415\u0414\u0418\u0422\u0410\u0426\u0406\u042f \u0406\u041d\u0416\u0415\u041d\u0415\u0420\u041d\u0418\u0425\u00a0\u041f\u0420\u041e\u0413\u0420\u0410\u041c. \u0420\u041e\u041b\u042c \u041c\u0406\u0416\u041d\u0410\u0420\u041e\u0414\u041d\u0418\u0425 \u0406 \u041d\u0410\u0426\u0406\u041e\u041d\u0410\u041b\u042c\u041d\u0418\u0425\u00a0\u0406\u041d\u0416\u0415\u041d\u0415\u0420\u041d\u0418\u0425 \u0424\u0415\u0414\u0415\u0420\u0410\u0426\u0406\u0419 \u0420\u0435\u0437\u044e\u043c\u0435. \u0426\u044f \u0441\u0442\u0430\u0442\u0442\u044f \u043f\u0440\u0438\u0441\u0432\u044f\u0447\u0435\u043d\u0430 \u0440\u043e\u043b\u0456 \u043c\u0456\u0436\u043d\u0430\u0440\u043e\u0434\u043d\u0438\u0445 \u0456 \u043d\u0430\u0446\u0456\u043e\u043d\u0430\u043b\u044c\u043d\u0438\u0445 \u0456\u043d\u0436\u0435\u043d\u0435\u0440\u043d\u0438\u0445 \u0444\u0435\u0434\u0435\u0440\u0430\u0446\u0456\u0439 \u0443 \u0441\u0438\u0441\u0442\u0435\u043c\u0456 \u043d\u0435\u0437\u0430\u043b\u0435\u0436\u043d\u043e\u0433\u043e \u043e\u0446\u0456\u043d\u044e\u0432\u0430\u043d\u043d\u044f \u043a\u0432\u0430\u043b\u0456\u0444\u0456\u043a\u0430\u0446\u0456\u0457 \u0444\u0430\u0445\u0456\u0432\u0446\u0456\u0432. \u041d\u0430\u0432\u0435\u0434\u0435\u043d\u043e \u043f\u0435\u0440\u0435\u043b\u0456\u043a &hellip; <\/p>\n<p><a class=\"more-link btn\" href=\"https:\/\/nti.ukrintei.ua\/?page_id=961\">Continue reading<\/a><\/p>\n","protected":false},"author":3,"featured_media":0,"parent":0,"menu_order":0,"comment_status":"closed","ping_status":"closed","template":"","meta":[],"_links":{"self":[{"href":"https:\/\/nti.ukrintei.ua\/index.php?rest_route=\/wp\/v2\/pages\/961"}],"collection":[{"href":"https:\/\/nti.ukrintei.ua\/index.php?rest_route=\/wp\/v2\/pages"}],"about":[{"href":"https:\/\/nti.ukrintei.ua\/index.php?rest_route=\/wp\/v2\/types\/page"}],"author":[{"embeddable":true,"href":"https:\/\/nti.ukrintei.ua\/index.php?rest_route=\/wp\/v2\/users\/3"}],"replies":[{"embeddable":true,"href":"https:\/\/nti.ukrintei.ua\/index.php?rest_route=%2Fwp%2Fv2%2Fcomments&post=961"}],"version-history":[{"count":1,"href":"https:\/\/nti.ukrintei.ua\/index.php?rest_route=\/wp\/v2\/pages\/961\/revisions"}],"predecessor-version":[{"id":962,"href":"https:\/\/nti.ukrintei.ua\/index.php?rest_route=\/wp\/v2\/pages\/961\/revisions\/962"}],"wp:attachment":[{"href":"https:\/\/nti.ukrintei.ua\/index.php?rest_route=%2Fwp%2Fv2%2Fmedia&parent=961"}],"curies":[{"name":"wp","href":"https:\/\/api.w.org\/{rel}","templated":true}]}}