{"id":4746,"date":"2022-12-29T18:39:04","date_gmt":"2022-12-29T16:39:04","guid":{"rendered":"http:\/\/nti.ukrintei.ua\/?page_id=4746"},"modified":"2026-04-02T15:39:43","modified_gmt":"2026-04-02T12:39:43","slug":"science-technologies-innovations-%e2%84%96424-2022-107-p","status":"publish","type":"page","link":"https:\/\/nti.ukrintei.ua\/?page_id=4746&lang=en","title":{"rendered":"Science, Technologies, Innovations \u21164(24) 2022, 107-115 p"},"content":{"rendered":"<p><a href=\"http:\/\/nti.ukrintei.ua\/wp-content\/uploads\/2023\/12\/\u0406\u0433\u043d\u0430\u0446\u0435\u0432\u0438\u0447_4-2022.pdf\"><img loading=\"lazy\" class=\"alignnone wp-image-359 size-full\" src=\"http:\/\/nti.ukrintei.ua\/wp-content\/uploads\/2018\/05\/pdf-icon.png\" alt=\"\" width=\"32\" height=\"32\" \/><\/a>\u00a0<a href=\"http:\/\/nti.ukrintei.ua\/wp-content\/uploads\/2023\/12\/\u0406\u0433\u043d\u0430\u0446\u0435\u0432\u0438\u0447_4-2022.pdf\">PDF<\/a><\/p>\n<p><strong>Ihnatsevych S. P.<\/strong> \u2014 PhD of Economic Sciences, Senior Researcher of State Scientific Institution \u201cUkrainian Institute for Scientific Technical Expertise and Information\u201d, Antonovycha Str, 180, Kyiv, Ukraine, 03150; ignatsevichserg@ukrintei.ua; ORCID: 0000-0002-0401-4325<\/p>\n<p><strong>COMMERCIALIZATION OF INNOVATIVE TECHNOLOGIES IN UKRAINE. MAIN PROBLEMS AND FOREIGN EXPERIENCE<\/strong><\/p>\n<p><strong>Abstract.<\/strong> The innovative activity not only gives enterprises the opportunity to increase the amount of income from economic activity. In the long term, the introduction of innovative technologies into production is almost the only way for a business to continue its existence. And the most effective indicator of the emergence and development of innovative technologies is their high potential for commercialization. The article examines the difference between the concepts of &#8220;commercialization&#8221; and &#8220;transfer&#8221;, classifies the main problems of commercialization of innovative technologies in Ukraine, examines the experience of Poland in the operation of technological parks in the country and their influence on the level of commercialization of innovative technologies. The advantages and disadvantages of such an approach to increasing the level of commercialization of technologies and whether technological parks are able to solve the main problems of commercialization in Ukraine are emphasized.<\/p>\n<p><strong>Keywords:<\/strong> innovative activity, technology transfer, commercialization, technology parks, foreign experience.<\/p>\n<p><strong>REFERENCES<\/strong><\/p>\n<ol>\n<li>Balanchuk, I.\u00a0S., &amp; Mykhalchenkova, O. Ye. (2021). Tekhnolohichni platformy u sferi innovatsii\u00a0\u2013 trendy v Yevropi ta Ukraini [Technological Platforms in the Field of Innovation\u00a0\u2013 Trends in Europe and Ukraine]. <em>Nauka, Tekhnolohii, Innovatsii<\/em>\u00a0\u2013 <em>Science<\/em><em>, <\/em><em>Technologies<\/em><em>, <\/em><em>Innovations<\/em>. <a href=\"http:\/\/doi.org\/10.35668\/2520-6524-2021-2-03\">http:\/\/doi.org\/10.35668\/2520-6524-2021-2-03<\/a> [in Ukr.].<\/li>\n<li>Volosheniuk, L. V., Hornostai N. I., &amp; Mykhalchenkova O. E. (2020). Innovatsiina ekosystema: poniattia, funktsii, rivni innovatsiinoho rozvytku, pryklady [Innovation ecosystem: concepts, functions, levels of innovation development, examples]. <em>Nauka, Tekhnolohii, Innovatsii<\/em>\u00a0\u2013 <em>Science, Technologies, Innovations<\/em>. <a href=\"http:\/\/doi.org\/10.35668\/2520-6524-2020-1-01\/\">http:\/\/doi.org\/10.35668\/2520-6524-2020-1-01<\/a> [in Ukr.].<\/li>\n<li>Liashenko, O. M. (2009). Metody ta modeli komertsializatsii transferu tekhnolohii [Methods and models of technology transfer commercialization]: Doctor\u2019s thesis. Kyiv: State Institution \u201cInstitute of Econom\u0456cs and Forecasting of the National Academy of Sciences of Ukraine\u201d [in Ukr.].<\/li>\n<li>Lykholet, S. I. (2016). Transfer tekhnolohii yak element tekhnolohichnoho onovlennia promyslovykh pidpryiemstv [Technology transfer as an element of technological updating of industrial enterprises]. <em>Ekonomika ta derzhava<\/em>\u00a0\u2013 <em>Economy and State<\/em>. Retrieved from: <a href=\"http:\/\/www.economy.in.ua\/pdf\/1_2016\/12.pdf\">http:\/\/www.economy.in.ua\/pdf\/1_2016\/12.pdf<\/a> [in Ukr.].<\/li>\n<li>Lanovskaya, G. I. (2017). Innovatsiina ekosystema: sutnist ta pryntsypy [Innovative ecosystem: essence and principles]. <em>Ekonomika i Suspilstvo<\/em>\u00a0\u2013 <em>Economy and society<\/em>. Retrieved from: <a href=\"http:\/\/www.economyandsociety.in.ua\/journals\/11_ukr\/43.pdf\">http:\/\/www.economyandsociety.in.ua\/journals\/11_ukr\/43.pdf<\/a>. [in Ukr.].<\/li>\n<li>G\u00fcnsel, A. (2015). Research on Effectiveness of Technology Transfer from a Knowledge Based Perspective. <em>Procedia \u2013 Social and Behavioral Sciences<\/em>. https:\/\/doi.org\/10.1016\/j.sbspro.2015.10.165.<\/li>\n<li>Tyl\u017canowski, R. (2017). Wielko\u015b\u0107 przedsi\u0119biorstwa a procesy transferu technologii w przemy\u015ble wysokiej techniki w Polsce [The size of enterprise and technology transfer processes in hightech manufacturing sector in Poland] <em>Studia i Prace WNEIZ<\/em><em> US <\/em>[Studies and Work WNEIZ US]. https:\/\/doi.org\/10.18276\/sip.2017.48\/3-27.<\/li>\n<li>Dutta, S. (2020). Global Innovation Index 2020. Who Will Finance Innovation? [Electronic resource]. Ithaca \u2013 Fontainebleau \u2013 Geneva. Retrieved from: https:\/\/www.wipo.int\/edocs\/pubdocs\/en\/wipo_pub_gii_2020.pdf.<\/li>\n<li>Kamianska, O. V. (2008). Upravlinnia transferom tekhnolohii na mashynobudivnykh pidpryiemstvakh [The organization of technology transfer at the industrial enterprises]. <em>Extended abstract of candidate\u2019s thesis<\/em>. Kyiv [in Ukr.]<\/li>\n<li>Kashchuk, K. M. (2012). Transfer innovatsiinykh tekhnolohii: sutnist ta znachennia u rozvytku vitchyznianoi ekonomiky [\u0422\u0440\u0430\u043d\u0441\u0444\u0435\u0440 \u0456\u043d\u043d\u043e\u0432\u0430\u0446\u0456\u0439\u043d\u0438\u0445 \u0442\u0435\u0445\u043d\u043e\u043b\u043e\u0433\u0456\u0439: \u0441\u0443\u0442\u043d\u0456\u0441\u0442\u044c \u0442\u0430 \u0437\u043d\u0430\u0447\u0435\u043d\u043d\u044f \u0443 \u0440\u043e\u0437\u0432\u0438\u0442\u043a\u0443 \u0432\u0456\u0442\u0447\u0438\u0437\u043d\u044f\u043d\u043e\u0457 \u0435\u043a\u043e\u043d\u043e\u043c\u0456\u043a\u0438] [Electronic resource]. <em>Zbirnyk<\/em> <em>naukovykh<\/em> <em>prats<\/em> <em>Tavriyskoho<\/em> <em>derzhavnoho<\/em> <em>agroekolohichnoho<\/em> <em>universytetu<\/em><em> (<\/em><em>economichni<\/em> <em>nauky<\/em><em>) <\/em>\u2013 <em>Scientific papers of Tavria state agrotechnological university (economic sciences).<\/em> Retrieved from: <a href=\"http:\/\/ir.znau.edu.ua\/bitstream\/123456789\/4262\/3\/Znptdau_2012_2_199_208.pdf\">http:\/\/ir.znau.edu.ua\/bitstream\/123456789\/4262\/3\/Znptdau_2012_2_199_208.pdf<\/a> [in Ukr.].<\/li>\n<li>\u015awiadek, A. (2018). Sales range and innovative activity in the manufacturing system of Poland. Equilibrium. <em>Quarterly Journal of Economics and Economic Policy<\/em>. <a href=\"https:\/\/doi.org\/10.24136\/eq.2018.035\">https:\/\/doi.org\/10.24136\/eq.2018.035<\/a><\/li>\n<li>Risdon, P. (1992). Understanding the Technology Transfer Process. Vita Distribution Service. <em>University of Pennsylvania.<\/em> Retrieved from: http:\/\/www.africa.upenn.edu\/Comp_Articles\/Technology_Transfer_12764.html<\/li>\n<li>Marsza\u0142ek, A. (2018). Parki naukowo-technologiczne jako odpowied\u017a na pojawiaj\u0105ce si\u0119 wyzwania ekonomiczne [Science and technology parks as a response to economic challenges] <em>Rozw\u00f3j regionalny i polityka regionalna<\/em> \u2013 <em>Regional development and regional policy.<\/em> Retrieved from: https:\/\/pressto.amu.edu.pl\/index.php\/rrpr\/article\/view\/16532\/16372.<\/li>\n<li>United Nations Conference on Trade and Development (2001). &#8220;International Arrangements on Transfer of Technology: Selected Instruments. Compendium&#8221;, United Nations publication, Geneva, Switzerland.<\/li>\n<li>Takakuwa, S. (2013). Technology transfer and world competitiveness. <em>Proc Eng<\/em>. <em>\u00a0<\/em>https:\/\/doi.org\/10.1016\/j.proeng.2014.02.211.<\/li>\n<li>D\u0105browska J. (2011). Measuring the success of science parks: performance monitoring and evaluation. <em>Manchester: Manchester Science Park.<\/em> Retrieved from: https:\/\/www.cmimarseille.org\/sites\/default\/files\/newsite\/manupls\/pdf4.pdf.<\/li>\n<li>Kwieci\u0144ski, L. (2018). Polskie parki technologiczne \u2013 w stron\u0119 IV generacji park\u00f3w technologicznych. Wst\u0119pne wyniki bada\u0144 terenowych [Polish technology parks: Towards the 4th generation parks. Preliminary results of an empirical study]. <em>Zarz\u0105dzanie Publiczne<\/em> [Public Governance]. Retrieved from: http:\/\/cejsh.icm.edu.pl\/cejsh\/element\/bwmeta1.element.desklight-b1cdd80a-a51a-4912-bc9f-a41052e2c5ee.<\/li>\n<li>Ma\u017cewska, M. (2019). Raport z badania park\u00f3w technologicznych 2019 [Report on the research of technology parks 2019] <em>Warszawa: Stowarzyszenie Organizator\u00f3w O\u015brodk\u00f3w Innowacji i Przedsi\u0119biorczo\u015bci w Polsce.<\/em> Warsaw. Retrieved from: https:\/\/www.sooipp.org.pl\/file\/P7C3S590i0n0u1Y6L2o1s661o0C4C0h8\/2019-raport-z-badania-parkow-technologicznych-w-polsce-pdf.pdf.<\/li>\n<li>Protasiewicz,.0 A. (2020) The Role of Institutions in the Technology Transfer Process with Particular Focus on Technology Parks in Poland. <em>Eastern European Journal of Transnational Relations<\/em><em>.<\/em> <a href=\"https:\/\/doi.org\/10.15290\/eejtr.2020.04.02.03\">https:\/\/doi.org\/10.15290\/eejtr.2020.04.02.03<\/a><\/li>\n<\/ol>\n","protected":false},"excerpt":{"rendered":"<p>\u00a0PDF Ihnatsevych S. P. \u2014 PhD of Economic Sciences, Senior Researcher of State Scientific Institution \u201cUkrainian Institute for Scientific Technical Expertise and Information\u201d, Antonovycha Str, 180, Kyiv, Ukraine, 03150; ignatsevichserg@ukrintei.ua; ORCID: 0000-0002-0401-4325 COMMERCIALIZATION OF INNOVATIVE TECHNOLOGIES IN UKRAINE. MAIN PROBLEMS AND FOREIGN EXPERIENCE Abstract. The innovative activity not only gives enterprises the opportunity to increase &hellip; <\/p>\n<p><a class=\"more-link btn\" href=\"https:\/\/nti.ukrintei.ua\/?page_id=4746&#038;lang=en\">Continue reading<\/a><\/p>\n","protected":false},"author":3,"featured_media":0,"parent":0,"menu_order":0,"comment_status":"closed","ping_status":"closed","template":"","meta":[],"_links":{"self":[{"href":"https:\/\/nti.ukrintei.ua\/index.php?rest_route=\/wp\/v2\/pages\/4746"}],"collection":[{"href":"https:\/\/nti.ukrintei.ua\/index.php?rest_route=\/wp\/v2\/pages"}],"about":[{"href":"https:\/\/nti.ukrintei.ua\/index.php?rest_route=\/wp\/v2\/types\/page"}],"author":[{"embeddable":true,"href":"https:\/\/nti.ukrintei.ua\/index.php?rest_route=\/wp\/v2\/users\/3"}],"replies":[{"embeddable":true,"href":"https:\/\/nti.ukrintei.ua\/index.php?rest_route=%2Fwp%2Fv2%2Fcomments&post=4746"}],"version-history":[{"count":5,"href":"https:\/\/nti.ukrintei.ua\/index.php?rest_route=\/wp\/v2\/pages\/4746\/revisions"}],"predecessor-version":[{"id":7671,"href":"https:\/\/nti.ukrintei.ua\/index.php?rest_route=\/wp\/v2\/pages\/4746\/revisions\/7671"}],"wp:attachment":[{"href":"https:\/\/nti.ukrintei.ua\/index.php?rest_route=%2Fwp%2Fv2%2Fmedia&parent=4746"}],"curies":[{"name":"wp","href":"https:\/\/api.w.org\/{rel}","templated":true}]}}