{"id":4710,"date":"2022-12-29T17:53:06","date_gmt":"2022-12-29T15:53:06","guid":{"rendered":"http:\/\/nti.ukrintei.ua\/?page_id=4710"},"modified":"2023-12-18T12:19:41","modified_gmt":"2023-12-18T10:19:41","slug":"science-technologies-innovations-%e2%84%96424-2022-45-51-p","status":"publish","type":"page","link":"https:\/\/nti.ukrintei.ua\/?page_id=4710&lang=en","title":{"rendered":"Science, Technologies, Innovations \u21164(24) 2022, 45-51 p"},"content":{"rendered":"<p><a href=\"http:\/\/nti.ukrintei.ua\/wp-content\/uploads\/2023\/12\/\u0413\u043e\u0440\u043d\u043e\u0441\u0442\u0430\u0439_4-2022.pdf\"><img loading=\"lazy\" class=\"alignnone wp-image-359 size-full\" src=\"http:\/\/nti.ukrintei.ua\/wp-content\/uploads\/2018\/05\/pdf-icon.png\" alt=\"\" width=\"32\" height=\"32\" \/><\/a>\u00a0<a href=\"http:\/\/nti.ukrintei.ua\/wp-content\/uploads\/2023\/12\/\u0413\u043e\u0440\u043d\u043e\u0441\u0442\u0430\u0439_4-2022.pdf\">PDF<\/a><\/p>\n<p><em><strong>http:\/\/doi.org\/10.35668\/2520-6524-2022-4-04<\/strong><\/em><\/p>\n<p><strong>Hornostai N. I. <\/strong>\u2014 Senior Researcher of Ukrainian Institute of Scientific and Technical Expertise and Information, 180, Antonovycha Str., Kyiv, Ukraine, 03150; +38 (044) 521-00-34; gornostai@uintei.kiev.ua; ORCID: 0000-0003-0383-7132<\/p>\n<p><strong>Mykhalchenkova O. Y.<\/strong> \u2014 Senior Researcher of Ukrainian Institute of Scientific and Technical Expertise and Information, 180, Antonov\u0443ch\u0430 Str., Kyiv, Ukraine, 03150; +38 (044) 521-09-81; alenasimchuk5566@gmail.com; ORCID: 0000-0001-7784-9668<\/p>\n<p><strong>THE GLOBAL DEVELOPMENT EXPERIENCE OF THE INDUSTRIAL PARKS AND <\/strong><strong>THEIR BENEFITS FOR THE DEVELOPMENT OF UKRAINE\u2019S ECONOMY<\/strong><\/p>\n<p><strong>Abstract.<\/strong> The article deals with the current problem of creation and development of industrial parks in Ukraine. Currently, the direction is considered promising for the development of the economy, and the author examines the current portrait of the industrial park according to key characteristics: the industrial park ownership form, the type of project being developed, the location of the park and the total size of the park territory. The article also pays special attention to the history, development, and functioning of China\u2019s industrial parks. Industrial parks increasingly develop the industrial potential of a specific territory, contribute to the creation of new jobs, create a comfortable business environment, and also increase tax revenues to the budget. Attracting high-tech production as residents, industrial parks are one of the elements of innovative infrastructure. Industrial parks are a global trend in economic development. For example, Hungary produces a third of its GDP there, Turkey saturates priority regions with them, Poland restores depressed communities. Among the benefits for park participants are exemption from paying VAT on the import of new equipment for personal use, exemption from income tax for ten years, local governments will be able to set preferential rates of real estate tax and land fees. The main goals of creating an industrial park are socio-economic development of a closed city, improving the quality of life of the population, through the creation of new high-tech industries, the main employees of which will be highly qualified released personnel. Industrial parks are a real help to the economy during and after the war.<\/p>\n<p><strong>Keywords:<\/strong> industrial park, technoparks, the industrial park development trends, free economic zones, investments, special investment zones.<\/p>\n<p><strong>REFERENCES<\/strong><\/p>\n<ol>\n<li>Pro industrial\u02b9ni parky: Zakon Ukrayiny \u2116 5018-VI vid 21 chervnya 2012 r. [About industrial parks: Law of Ukraine dated June 21, 2012]. Retrieved from: <a href=\"http:\/\/zakon2.rada.gov.ua\/laws\/show\/5018-17\">http:\/\/zakon2.rada.gov.ua\/laws\/show\/5018-17<\/a> [in Ukr.].<\/li>\n<li>Moldavan, O. O. Dotsil\u02b9nist\u02b9 zaprovadzhennya industrial\u02b9nykh parkiv v Ukrayini [Feasibility of introducing industrial parks in Ukraine] Retrieved from:\u00a0 http:\/\/dspace. nbuv.gov.ua\/handle\/123456789\/36177 [in Ukr.].<\/li>\n<li>Chyrychenko, Yu. V., &amp; Kotko, O. K. (2014). Problemy stvorennya ta funktsionuvannya industrial\u02b9nykh parkiv: analiz ta implementatsiya svitovoho dosvidu [Problems of creation and functioning of industrial parks: analysis and implementation of world experience]. <em>Visnyk AMSU<\/em><em> \u2013 Bulletin of the State Academy of Sciences of Ukraine. 1 (51),<\/em> P. 74\u201382. [in Ukr.].<\/li>\n<li>Benovska, L. Ya. (2014). Industrial\u02b9ni parky yak instrument rozvytku rehional\u02b9noyi ekonomiky: teoretychni aspekty [Industrial parks as a tool for the development of the regional economy: theoretical aspects]. <em>Sotsial\u02b9no-ekonomichni problemy suchasnoho periodu Ukrayiny <\/em><em>\u2013 Socio-economic problems of the modern period of Ukraine.<\/em> <em>3<\/em><em> (107)<\/em><em>.<\/em> P. 509\u2013517. [in Ukr.].<\/li>\n<li>Poyedynok, V. V. Pravovyy rezhym industrial\u02b9nykh parkiv v Ukrayini [The legal regime of industrial parks in Ukraine]. Retrieved from: <a href=\"http:\/\/www.snjurid.crimea.ua\/arhiv\/2013\/26_2-2law\/Pojedynok_V.V.pdf\">http:\/\/www.snjurid.crimea.ua\/arhiv\/2013\/26_2-2law\/Pojedynok_V.V.pdf<\/a> [in Ukr.].<\/li>\n<li>Fedyuk, V. (2017). Industrial\u02b9ni parky yak instrument zaluchennya investytsiy v mistsevyy i rehional\u02b9nyy rozvytok [Industrial parks as a tool for attracting investments in local and regional development]. <em>Stratehiya rozvytku \u2013 Development Strategy, 1<\/em> [in Ukr.].<\/li>\n<li>Pro litsenzuvannya vydiv hospodars\u02b9koyi diyal\u02b9nosti: Zakon Ukrayiny \u2116 222-V\u0406\u0406I vid 02 bereznya 2015 r. [On licensing of types of economic activity: Law of Ukraine dated March 02, 2015]. Retrieved from: <a href=\"https:\/\/zakon.rada.gov.ua\/laws\/show\/222-19#Text\">https:\/\/zakon.rada.gov.ua\/laws\/show\/222-19#Text<\/a> [in Ukr.].<\/li>\n<li>Povidomlennya pro vklyuchennya industrial\u02b9noho parku do reyestru industrial\u02b9nykh (promyslovykh) parkiv [Notice on the inclusion of an industrial park in the register of industrial (industrial) parks]. Retrieved from: <a href=\"https:\/\/www.me.gov.ua\/Documents\/Detail?lang=uk-UA&amp;id=c7f6ba2c-96d1-4c20-9804-0fdee098825b&amp;title=PovidomlenniaProVkliuchenniaIndustrialnogoParku-volodimir-DoRestruIndustrialnikh-promislovikh-Parkiv\">https:\/\/www.me.gov.ua\/Documents\/Detail?lang=uk-UA&amp;id=c7f6ba2c-96d1-4c20-9804-0fdee098825b&amp;title=PovidomlenniaProVkliuchenniaIndustrialnogoParku-volodimir-DoRestruIndustrialnikh-promislovikh-Parkiv<\/a> [in Ukr.].<\/li>\n<li>Marchuk, V. (2021). Industrial\u02b9ni parky v Ukrayini: 25 \u00abtochok rostu\u00bb za try nastupni roky [Industrial parks in Ukraine: 25 \u00abgrowth points\u00bb for the next three years]. <em>Ukrinform <\/em><em>\u2013 Ukrinform.<\/em> Retrieved from: <a href=\"https:\/\/www.ukrinform.ua\/rubric-economy\/3325847-industrialni-parki-v-ukraini-zamah-na-grivnu-a-udar-na-kopijku.html\">https:\/\/www.ukrinform.ua\/rubric-economy\/3325847-industrialni-parki-v-ukraini-zamah-na-grivnu-a-udar-na-kopijku.html<\/a> [in Ukr.].<\/li>\n<li>Industrial estate. Principles and practices: Vienna Australia, 1997.<\/li>\n<li>Kysylevs\u02b9kyy, D. (2021). Industrial\u02b9ni parky: yakyy mizhnarodnyy dosvid mozhe zastosuvaty Ukrayina [Industrial parks: what international experience can be applied by Ukraine]. <em>Ekonomichna pravda <\/em><em>\u2013 Economic truth.<\/em> Retrieved from: <a href=\"https:\/\/www.epravda.com.ua\/columns\/2021\/07\/1\/675532\/\">https:\/\/www.epravda.com.ua\/columns\/2021\/07\/1\/675532\/<\/a> [in Ukr.].<\/li>\n<li>Zh\u014dnggu\u00f3 sh\u0113ngt\u00e0i g\u014dngy\u00e8 yu\u00e1nq\u016b f\u0101zh\u01cen xi\u00e0nzhu\u00e0ng y\u01d4 zh\u01cenw\u00e0ng\u00a0 [Development Status and Prospects of Eco-industrial Parks in China]. Retrieved from: https: https:\/\/www.ecologica.cn\/html\/2016\/22\/stxb201507291586.htm.<\/li>\n<li>Ni\u00e1n zh\u014dnggu\u00f3 gu\u00f3ji\u0101 j\u00ed ch\u01ceny\u00e8 yu\u00e1nq\u016b p\u01d0np\u00e1i sh\u0113ngli\u00e0ng b\u01ceng f\u0101b\u00f9 s\u016bzh\u014du g\u014dngy\u00e8 yu\u00e1nq\u016b j\u016b b\u01cengsh\u01d2u [The 2021 China National Industrial Park Brand Volume List Released, Suzhou Industrial Park tops the list]. (2021). SIP. Retrieved from: https:\/\/www.sipac.gov.cn\/szgyyq\/mtjj\/202201\/fafe619184df44a7848ed4d4533e26ce.shtml.<\/li>\n<li>Experiences and best practices of industrial park development in the people\u2019s republic of China. <em>United Nations Industrial Development Organization<\/em><em>.<\/em> Retrieved from: https: https:\/\/www.unido.org\/sites\/default\/files\/files\/2020-11\/EN_Experiences_and_Best_Practices_of_Industrial_Park_Development_in_China.pdf.<\/li>\n<li>Znas\u02b9, I. (2022). Industrial\u02b9ni parky sprostyat\u02b9 relokatsiyu promyslovykh pidpryyemstv pid chas viyny i pryskoryat\u02b9 vidnovlennya ekonomiky pislya peremohy [Industrial parks will simplify the relocation of industrial enterprises during the war and accelerate the recovery of the economy after victory]. Retrieved from: <a href=\"https:\/\/zn.ua\/ukr\/ECONOMICS\/industrialni-parki-sprostjat-relokatsiju-promislovikh-pidprijemstv-pid-chas-vijni-i-priskorjat-vidnovlennja-ekonomiki-pislja-peremohi-dmitro-kisilevskij.html\">https:\/\/zn.ua\/ukr\/ECONOMICS\/industrialni-parki-sprostjat-relokatsiju-promislovikh-pidprijemstv-pid-chas-vijni-i-priskorjat-vidnovlennja-ekonomiki-pislja-peremohi-dmitro-kisilevskij.html<\/a> [in Ukr.].<\/li>\n<\/ol>\n\n\n<p><\/p>\n","protected":false},"excerpt":{"rendered":"<p>\u00a0PDF http:\/\/doi.org\/10.35668\/2520-6524-2022-4-04 Hornostai N. I. \u2014 Senior Researcher of Ukrainian Institute of Scientific and Technical Expertise and Information, 180, Antonovycha Str., Kyiv, Ukraine, 03150; +38 (044) 521-00-34; gornostai@uintei.kiev.ua; ORCID: 0000-0003-0383-7132 Mykhalchenkova O. Y. \u2014 Senior Researcher of Ukrainian Institute of Scientific and Technical Expertise and Information, 180, Antonov\u0443ch\u0430 Str., Kyiv, Ukraine, 03150; +38 (044) 521-09-81; &hellip; <\/p>\n<p><a class=\"more-link btn\" href=\"https:\/\/nti.ukrintei.ua\/?page_id=4710&#038;lang=en\">Continue reading<\/a><\/p>\n","protected":false},"author":3,"featured_media":0,"parent":0,"menu_order":0,"comment_status":"closed","ping_status":"closed","template":"","meta":[],"_links":{"self":[{"href":"https:\/\/nti.ukrintei.ua\/index.php?rest_route=\/wp\/v2\/pages\/4710"}],"collection":[{"href":"https:\/\/nti.ukrintei.ua\/index.php?rest_route=\/wp\/v2\/pages"}],"about":[{"href":"https:\/\/nti.ukrintei.ua\/index.php?rest_route=\/wp\/v2\/types\/page"}],"author":[{"embeddable":true,"href":"https:\/\/nti.ukrintei.ua\/index.php?rest_route=\/wp\/v2\/users\/3"}],"replies":[{"embeddable":true,"href":"https:\/\/nti.ukrintei.ua\/index.php?rest_route=%2Fwp%2Fv2%2Fcomments&post=4710"}],"version-history":[{"count":3,"href":"https:\/\/nti.ukrintei.ua\/index.php?rest_route=\/wp\/v2\/pages\/4710\/revisions"}],"predecessor-version":[{"id":5302,"href":"https:\/\/nti.ukrintei.ua\/index.php?rest_route=\/wp\/v2\/pages\/4710\/revisions\/5302"}],"wp:attachment":[{"href":"https:\/\/nti.ukrintei.ua\/index.php?rest_route=%2Fwp%2Fv2%2Fmedia&parent=4710"}],"curies":[{"name":"wp","href":"https:\/\/api.w.org\/{rel}","templated":true}]}}