{"id":4533,"date":"2022-10-09T14:30:37","date_gmt":"2022-10-09T11:30:37","guid":{"rendered":"http:\/\/nti.ukrintei.ua\/?page_id=4533"},"modified":"2026-04-02T15:18:48","modified_gmt":"2026-04-02T12:18:48","slug":"science-technologies-innovations-%e2%84%96323-2022-44-51-p","status":"publish","type":"page","link":"https:\/\/nti.ukrintei.ua\/?page_id=4533&lang=en","title":{"rendered":"Science, Technologies, Innovations \u21163(23) 2022, 44-51 p"},"content":{"rendered":"<p><a href=\"http:\/\/nti.ukrintei.ua\/wp-content\/uploads\/2023\/10\/%D0%93%D1%83%D1%81%D0%B5%D0%B9%D0%BD%D0%BE%D0%B2_3-2022.pdf\"><img loading=\"lazy\" class=\"alignnone wp-image-359 size-full\" src=\"http:\/\/nti.ukrintei.ua\/wp-content\/uploads\/2018\/05\/pdf-icon.png\" alt=\"\" width=\"32\" height=\"32\" \/><\/a><a href=\"http:\/\/nti.ukrintei.ua\/?page_id=4533&amp;lang=en\">\u00a0<\/a><a href=\"http:\/\/nti.ukrintei.ua\/wp-content\/uploads\/2023\/10\/%D0%93%D1%83%D1%81%D0%B5%D0%B9%D0%BD%D0%BE%D0%B2_3-2022.pdf\">PDF<\/a><\/p>\n<p><strong>Huseynov Safar Mazahir<\/strong> \u2014 PhD student in Economy of Technological Innovation, Economic Scientific Research Institute under The Ministry of Economy of Azerbaijan Republic, AZ1122,196 Hasan bay Zardabi, Yasamal, Baku, Azerbaijan, +994554330050, safarguseynov96@mail.ru, ORCID: 0000-0002-9531-5632<\/p>\n<p><strong>IMPACT OF R&amp;D AND INNOVATION ON ECONOMIC DEVELOPMENT: AN EMPIRICAL ANALYSIS ON AZERBAIJAN<\/strong><\/p>\n<p><strong>Abstract.<\/strong> The purpose of the study is to investigate the impact of Research and Development (R&amp;D) and innovation on the economic development of the Republic of Azerbaijan. For this purpose, time series analysis was applied with the help of the \u201cEViews 12.0\u201d application, taking R&amp;D expenditure, the number of researchers in the country, the number of patent applications, and finally the Gross Domestic Product (GDP) data as an indicator of economic development. In addition, causality from both the number of patent applications and the number of researchers to economic growth has not been determined. In addition, causality from R&amp;D expenditures, patent applications and researchers to economic growth in the long run has not been determined. Undetected causality hypotheses are highlighted in the article.<\/p>\n<p><strong>Keywords:<\/strong> Economic Growth, R&amp;D, Innovation, VECM, Causality.<\/p>\n<p><strong>REFERENCES<\/strong><\/p>\n<ol>\n<li><em>Raporlar<\/em><em>\u0131\u00ad76 <\/em>(2012)<em>.<\/em> M\u00fcstakil Sanayici ve \u0130\u015fadamlar\u0131 Derne\u011fi (M\u00dcS\u0130AD). \u0130stanbul, Pelikan Bas\u0131m.<\/li>\n<li>Schumpeter, J. (1976, 2003). <em>Capitalism, Socialism and Democracy.<\/em> Taylor &amp; Francis e\u00adLibrary, London: George Allen &amp; Unwin (Publishers) Ltd.<\/li>\n<li>Kitapc\u0131, \u0130. (2019). Joseph Schumpeter\u2019in Giri\u015fimcilik Ve \u0130novasyon Anlay\u0131\u015f\u0131: Yarat\u0131c\u0131 Y\u0131k\u0131m Kavram\u0131 ve Ge\u00e7mi\u015ften G\u00fcn\u00fcm\u00fcze Yans\u0131malar\u0131. <em>Uygulamal<\/em><em>\u0131 Ekonomi Ve Sosyal Bilimler Dergisi, 1<\/em> (2). P. 54\u201374.<\/li>\n<li>Soete, C. F. v. L. (2005). <em>Yenilik <\/em>\u0130<em>ktisad<\/em>\u0131<em>.<\/em> \u00c7eviren: Ergun T\u00fcrkcan, Ankara: T\u00fcbitak Yay\u0131nlar\u0131.<\/li>\n<li>Sat\u0131, E.\u00a0Z.\u00a0(2013). <em>\u0130novasyonu Y<\/em><em>\u00f6netmede Kesitler: Bilgi Y<\/em><em>\u00f6netimi\/ARGE\/Marka Y<\/em><em>\u00f6netimi\/Stratejik Y<\/em><em>\u00f6netim.<\/em> Ankara: Nobel Yay\u0131nlar\u0131.<\/li>\n<li>Gen\u00e7, Y. A., &amp; Murat, Can (2010). AR&amp;GE HARCAMALARI VE EKONOMIK B\u00dcY\u00dcME ILI\u015eKISI: PANEL VERI ANALIZI. <em>The Journal of Knowledge Economy &amp; Knowledge Management, V<\/em> FALL, P. 22\u201334.<\/li>\n<li>\u00d6zer M, \u00c7. M. (2009). ARGE Harcamalar\u0131 ve \u0130hracat \u0130li\u015fkisi: OECD \u00dclkeleri Panel Veri Analizi. <em>Dumlup<\/em><em>\u0131nar <\/em><em>\u00dcniversitesi Sosyal Bilimler Dergisi, 23<\/em>. P. 39\u201350.<\/li>\n<li>\u00dcnal T, S. N. (2013). \u201cARGE G\u00f6stergeleri A\u00e7\u0131s\u0131ndan T\u00fcrkiye ve Geli\u015fmi\u015f \u00dclkelerle K\u0131yaslamas\u0131. <em>\u0130\u015fletme ve <\/em><em>\u0130ktisat <\/em><em>\u00c7al<\/em><em>\u0131\u015fmalar<\/em><em>\u0131 Dergisi, 1<\/em>. P. 12\u201325.<\/li>\n<li>Schumpeter, J. (1939). <em>Business Cycles: A Theoretical, Historical And Statistical Analysis Of The Capitalist Process.<\/em> New York\u00adToronto\u00adLondon: Mcgraw\u00adHill Book Company, P. 83.<\/li>\n<li>Hyukjoon K, P. Y. (2010). The Effects of Open Innovation Activity On Performance Of Smes:The Case Of Korea. <em>International Journal of Technology Management, 3\/4<\/em>, P. 52, 236\u2013256.<\/li>\n<li>Hong, J.\u00adp. (2017). Causal Relationship Between ICT R&amp;D Investment And Economic Growth In Korea. <em>Technological Forecasting and Social Change, <\/em>\u0420. 70\u201375.<\/li>\n<li>Zhou, W. a. (2007). Cointegration and Causality Between R&amp;D Expenditure and Economic Growth in China: 1953\u00ad2004. <em>International Conference on Public Administration, <\/em>P. 869\u2013876.<\/li>\n<li>Falk, M. (2007). R&amp;D Spending in The High\u00adTech Sector and Economic Growt. <em>Researchin Economics, <\/em>P. 140\u2013147.<\/li>\n<li>H.\u00adK. Y.\u00adQ. L. Wang D. H. (2013). Heterogeneous Effect of High\u00adTech Industrial R&amp;D Spending on Economic Growth. <em>Journal of Business Research, <\/em>P. 1990\u20131993.<\/li>\n<\/ol>\n","protected":false},"excerpt":{"rendered":"<p>\u00a0PDF Huseynov Safar Mazahir \u2014 PhD student in Economy of Technological Innovation, Economic Scientific Research Institute under The Ministry of Economy of Azerbaijan Republic, AZ1122,196 Hasan bay Zardabi, Yasamal, Baku, Azerbaijan, +994554330050, safarguseynov96@mail.ru, ORCID: 0000-0002-9531-5632 IMPACT OF R&amp;D AND INNOVATION ON ECONOMIC DEVELOPMENT: AN EMPIRICAL ANALYSIS ON AZERBAIJAN Abstract. The purpose of the study is &hellip; <\/p>\n<p><a class=\"more-link btn\" href=\"https:\/\/nti.ukrintei.ua\/?page_id=4533&#038;lang=en\">Continue reading<\/a><\/p>\n","protected":false},"author":3,"featured_media":0,"parent":0,"menu_order":0,"comment_status":"closed","ping_status":"closed","template":"","meta":[],"_links":{"self":[{"href":"https:\/\/nti.ukrintei.ua\/index.php?rest_route=\/wp\/v2\/pages\/4533"}],"collection":[{"href":"https:\/\/nti.ukrintei.ua\/index.php?rest_route=\/wp\/v2\/pages"}],"about":[{"href":"https:\/\/nti.ukrintei.ua\/index.php?rest_route=\/wp\/v2\/types\/page"}],"author":[{"embeddable":true,"href":"https:\/\/nti.ukrintei.ua\/index.php?rest_route=\/wp\/v2\/users\/3"}],"replies":[{"embeddable":true,"href":"https:\/\/nti.ukrintei.ua\/index.php?rest_route=%2Fwp%2Fv2%2Fcomments&post=4533"}],"version-history":[{"count":3,"href":"https:\/\/nti.ukrintei.ua\/index.php?rest_route=\/wp\/v2\/pages\/4533\/revisions"}],"predecessor-version":[{"id":7646,"href":"https:\/\/nti.ukrintei.ua\/index.php?rest_route=\/wp\/v2\/pages\/4533\/revisions\/7646"}],"wp:attachment":[{"href":"https:\/\/nti.ukrintei.ua\/index.php?rest_route=%2Fwp%2Fv2%2Fmedia&parent=4533"}],"curies":[{"name":"wp","href":"https:\/\/api.w.org\/{rel}","templated":true}]}}