{"id":4347,"date":"2022-06-29T18:20:09","date_gmt":"2022-06-29T15:20:09","guid":{"rendered":"http:\/\/nti.ukrintei.ua\/?page_id=4347"},"modified":"2026-03-26T14:09:00","modified_gmt":"2026-03-26T12:09:00","slug":"science-technologies-innovations-%e2%84%96222-2022-3-9-p","status":"publish","type":"page","link":"https:\/\/nti.ukrintei.ua\/?page_id=4347&lang=en","title":{"rendered":"Science, Technologies, Innovations \u21162(22) 2022, 3-9 p"},"content":{"rendered":"<p><a href=\"http:\/\/nti.ukrintei.ua\/wp-content\/uploads\/2023\/07\/%D0%93%D1%83%D1%81%D0%B5%D0%B9%D0%BD%D0%BE%D0%B2%D0%B0_2-2022.pdf\"><img loading=\"lazy\" class=\"alignnone wp-image-359 size-full\" src=\"http:\/\/nti.ukrintei.ua\/wp-content\/uploads\/2018\/05\/pdf-icon.png\" alt=\"\" width=\"32\" height=\"32\" \/><\/a>\u00a0<a href=\"http:\/\/nti.ukrintei.ua\/wp-content\/uploads\/2023\/07\/%D0%93%D1%83%D1%81%D0%B5%D0%B9%D0%BD%D0%BE%D0%B2%D0%B0_2-2022.pdf\">PDF<\/a><\/p>\n<p><strong>Huseynova Arzu Dogru qizi<\/strong> \u2014 D. Sc. in Economics, Professor, Department of Digital Economics, Institute for Scientific Research on Economic Reforms, Azerbaijan, Baku, H. Zardabi Str. 88, AZ1011; +994 (012) 492-59-04; arzu.huseynova@economy.gov.az; ORCID: 0000-0002-0981-9923<\/p>\n<p><strong>Mammadova Arzu Imamverdi qizi<\/strong> \u2014 PhD in Physics and Mathematics, Docent, Department of Digital Economics, Azerbaijan State University of Economics (UNEC), Azerbaijan, Baku, Istiqlaliyyat Str. 6, AZ1001; +994 (012) 492-59-04; m.arzu@unec.edu.az; ORCID: 0000-0002-6364-2786<\/p>\n<p><strong>Abilova Arzu Sabir qizi<\/strong> \u2014 Teacher, Department of Digital Economics, Azerbaijan State University of Economics (UNEC), Azerbaijan, Baku, Istiqlaliyyat Str. 6, AZ1001; +994 (012) 492-59-04; arzu_abilova@unec.edu.az; ORCID: 0000-0001-6879-8061<\/p>\n<p><strong>Hajikerimova Khatun Qedir qizi<\/strong> \u2014 Head Teacher, Department of Economics and Management Zagatala branch, Azerbaijan State University of Economics (UNEC), Azerbaijan, Zagatala Ahmad Racabli Srt. 4; +994 (055) 204-94-29; khatun.hajikerimova@unec.edu.az; ORCID: 0000-0003-2721-6613<\/p>\n<p><strong>Hasanova Heyran Rehim qizi<\/strong> \u2014 Head Teacher, Department of Digital Economics, Azerbaijan State University of Economics (UNEC), Azerbaijan, Baku, Istiqlaliyyat Str. 6, AZ1001; +994 (012) 492-59-04; h.hasanova@unec.edu.az; ORCID: 0000-0001-8814-3150<\/p>\n<p><strong>Mazanova Ophelya Idris qizi<\/strong> \u2014 Head Programmer LMS, Azerbaijan State University of Economics (UNEC) Azerbaijan, Baku, Istiqlaliyyat Str. 6, AZ1001; +994 (012) 492-59-04; ofelya.mazanova@unec.edu.az; ORCID: 0000-0001-7344-3492<\/p>\n<p><strong>DEVELOPMENT PERSPECTIVES OF CLOUD TECHNOLOGIES IN THE EDUCATION SYSTEM DURING THE PANDEMIC<\/strong><\/p>\n<p><strong>Abstract. <\/strong>The article investigates the education system, as the main attribute of the knowledge economy, examines the changes in the education system of Azerbaijan. The samples were presented on the application of innovative technologies in higher education institutions of foreign countries in connection with the transition from traditional education to cloud. The article factors influencing the effectiveness of the cloud system have been considered, as well as the importance of studying the organization, economic bases, and principles of the application of e-learning management systems in educational institutions from methodological, theoretical, and practical sides have been determined. Economic development of cloud technologies, and examples from international experience of changes in the education system has been demonstrated.<\/p>\n<p><strong>Keywords:<\/strong> higher education, the education system, cloud technologies, innovative technologies, e-training, information technologies, e-learning.<\/p>\n<p><strong>REFERENCES<\/strong><\/p>\n<ol>\n<li>Hasanova, Z., Huseynova, A., &amp; Mazanova, O. (2019). The state of application of electronic systems in higher education in Azerbaijan. <em>Socio-Economic Problems of Sustainable Development<\/em>: <em>37<sup>th<\/sup> International Scientific Conference on Economic and Social Development.<\/em> Baku, P. 528\u2013531. Retrieved from: <a href=\"https:\/\/www.esd-conference.com\/past-conferences\">https:\/\/www.esd-conference.com\/past-conferences<\/a>.<\/li>\n<li>Huseynova, A., &amp; Mazanova, O. (2021). Expanding the application of cloud and mobile technologies for information exchange in the use of e-learning management systems. <em>Economic and Social Development<\/em>. P. 99\u2013103. Retrieved from: <a href=\"https:\/\/www.esd-conference.com\/upload\/book_of_proceedings\/Book_of_Proceedings_esdFebruary2021_Online.pdf\">https:\/\/www.esd-conference.com\/upload\/book_of_proceedings\/Book_of_Proceedings_esdFebruary2021_Online.pdf<\/a>.<\/li>\n<li>Mazanova, O., &amp; Huseynova, A. (2019). The State of Application of Electronic Education System in Azerbaijan. <em>5 the \u0131nternat\u0131onal conference on l\u0131felong educat\u0131on and leadersh\u0131p for all ICLEL 2019<\/em>. Baku, P. 1247\u20131254. Retrieved from: <a href=\"https:\/\/www.iclel.com\/_files\/ugd\/d546b1_2eed58838ada410195db2edf750e8cc0.pdf\">https:\/\/www.iclel.com\/_files\/ugd\/d546b1_2eed58838ada410195db2edf750e8cc0.pdf<\/a>.<\/li>\n<li>Elvin, T. (2006). Tekhnokratiya Glava 5 [Technocracy Chapter 5]. <em>Kniga:Tret&#8217;ya volna<\/em> [Book: The Third Wave]. Moscow. P. 781. [in Russ.].<\/li>\n<li>Makhlup, F. (1966). Proizvodstvo i rasprostraneniye znaniy v SSHA [Production and dissemination of knowledge in the United States]. Moscow. P. 35. [in Russ.].<\/li>\n<li>ADVANCED Distributed Learning. Sharable Content Object Reference Model (SCORM). (2012). Retrieved from: <a href=\"http:\/\/www.edu.ru\/db\/portal\/e-library\/00000053\/\">http:\/\/www.edu.ru\/db\/portal\/e-library\/00000053\/<\/a>SCORM.pdf.<\/li>\n<li>Peters, O. (1998). Learning and Teaching in Distance Education: Analyzes and Interpretations from an International Perspective. London.<\/li>\n<li>Sewart, D. (1987). Mass Higher Education: Where are We Going? Ortner G. E., Graff K. and Wilmersdoerfer H. Distance Education as two-way communication. Essays in Honor of B\u00f6rje Holmberg, Frankfurt am Main, Berlin, Berne, New York, Paris, Vienna, P. 176.<\/li>\n<li>Mehdialiyev, A., Mazanova O., Ieee. (2013). On some problems of the creation and development of green technologies in Azerbaijan. <em>2013 7th International Conference on the Application of Information and Communication Technologies (Aict). <\/em>P. 438\u2013442. <a href=\"https:\/\/doi.org\/10.1109\/icaict.2013.6722804\">https:\/\/doi.org\/10.1109\/icaict.2013.6722804<\/a><\/li>\n<li>Helen Georgiou MSaAL. Retrieved from: <a href=\"http:\/\/www.tandfonline.com\/loi\/riie202017\">http:\/\/www.tandfonline.com\/loi\/riie202017<\/a>.<\/li>\n<li>Dean, M. D. (2016). A call to embrace social reading in higher education. <em>Innovations in Education and Teaching International.<\/em> 53. P. 296\u2013305. <a href=\"https:\/\/doi.org\/10.1080\/14703297.2014.991934\">https:\/\/doi.org\/10.1080\/14703297.2014.991934<\/a><\/li>\n<\/ol>\n","protected":false},"excerpt":{"rendered":"<p>\u00a0PDF Huseynova Arzu Dogru qizi \u2014 D. Sc. in Economics, Professor, Department of Digital Economics, Institute for Scientific Research on Economic Reforms, Azerbaijan, Baku, H. Zardabi Str. 88, AZ1011; +994 (012) 492-59-04; arzu.huseynova@economy.gov.az; ORCID: 0000-0002-0981-9923 Mammadova Arzu Imamverdi qizi \u2014 PhD in Physics and Mathematics, Docent, Department of Digital Economics, Azerbaijan State University of Economics &hellip; <\/p>\n<p><a class=\"more-link btn\" href=\"https:\/\/nti.ukrintei.ua\/?page_id=4347&#038;lang=en\">Continue reading<\/a><\/p>\n","protected":false},"author":3,"featured_media":0,"parent":0,"menu_order":0,"comment_status":"closed","ping_status":"closed","template":"","meta":[],"_links":{"self":[{"href":"https:\/\/nti.ukrintei.ua\/index.php?rest_route=\/wp\/v2\/pages\/4347"}],"collection":[{"href":"https:\/\/nti.ukrintei.ua\/index.php?rest_route=\/wp\/v2\/pages"}],"about":[{"href":"https:\/\/nti.ukrintei.ua\/index.php?rest_route=\/wp\/v2\/types\/page"}],"author":[{"embeddable":true,"href":"https:\/\/nti.ukrintei.ua\/index.php?rest_route=\/wp\/v2\/users\/3"}],"replies":[{"embeddable":true,"href":"https:\/\/nti.ukrintei.ua\/index.php?rest_route=%2Fwp%2Fv2%2Fcomments&post=4347"}],"version-history":[{"count":4,"href":"https:\/\/nti.ukrintei.ua\/index.php?rest_route=\/wp\/v2\/pages\/4347\/revisions"}],"predecessor-version":[{"id":7124,"href":"https:\/\/nti.ukrintei.ua\/index.php?rest_route=\/wp\/v2\/pages\/4347\/revisions\/7124"}],"wp:attachment":[{"href":"https:\/\/nti.ukrintei.ua\/index.php?rest_route=%2Fwp%2Fv2%2Fmedia&parent=4347"}],"curies":[{"name":"wp","href":"https:\/\/api.w.org\/{rel}","templated":true}]}}