{"id":3899,"date":"2021-09-30T11:05:56","date_gmt":"2021-09-30T08:05:56","guid":{"rendered":"http:\/\/nti.ukrintei.ua\/?page_id=3899"},"modified":"2026-03-26T13:52:55","modified_gmt":"2026-03-26T11:52:55","slug":"science-technologies-innovations-%e2%84%96319-2021-53-61-p","status":"publish","type":"page","link":"https:\/\/nti.ukrintei.ua\/?page_id=3899&lang=en","title":{"rendered":"Science, Technologies, Innovations \u21163(19) 2021, 53-61 p"},"content":{"rendered":"<p><a href=\"http:\/\/nti.ukrintei.ua\/wp-content\/uploads\/2022\/11\/%D0%9F%D0%B8%D0%B2%D0%BE%D0%B2%D0%B0%D1%80%D0%BE%D0%B2_3-2021.pdf\"><img loading=\"lazy\" class=\"alignnone wp-image-359 size-full\" src=\"http:\/\/nti.ukrintei.ua\/wp-content\/uploads\/2018\/05\/pdf-icon.png\" alt=\"\" width=\"32\" height=\"32\" \/><\/a>\u00a0<a href=\"http:\/\/nti.ukrintei.ua\/wp-content\/uploads\/2022\/11\/%D0%9F%D0%B8%D0%B2%D0%BE%D0%B2%D0%B0%D1%80%D0%BE%D0%B2_3-2021.pdf\">PDF<\/a><\/p>\n<p><strong>Pivovarov O. A.<\/strong> \u2014 D. Sc. in Engineering, Professor, Professor of the Department of Storage Technology and Processing of Agricultural Products of Dnipro State Agrarian University, Serhiy Yefremov Str., 25, Dnipro, Dnipropetrovsk Region, 49000; +38 (097) 342-46-60; apivo@ua.fm; https:\/\/orcid.org\/0000-0003-0520-171X<\/p>\n<p><strong>Mykolenko S. Y.<\/strong> \u2014 PhD in Engineering, Associate Professor, Associate Professor of the Department Storage Technology and Processing of Agricultural Products of Dnipro State Agrarian University, Serhiy Yefremov Str., 25, Dnipro, Dnipropetrovsk Region, 49000; +38 (098) 964-26-84; svetlana.mykolenko@gmail.com; https:\/\/orcid.org\/0000-0002-1959-1141<\/p>\n<p><strong>WHEAT BREAD QUALITY IMPROVEMENT WITH USING PLASMA-CHEMICALLY ACTIVATED WATER<\/strong><\/p>\n<p><strong>Abstract.<\/strong> The article was devoted to an innovative approach of improving bakery products quality through using an activated water, exposed to the action of contact non-equilibrium (cold) plasma. Wheat bread quality characteristics were presented during using the plasma-chemically activated water combined with wheat flour of poor baking properties. It is shown that the treatment of water with contact non-equilibrium plasma leads to an improvement in the consumer qualities of bread, an increase in its resistance to microbiological spoilage. The wheat bread made with the plasma-chemically activated water presented the possibility to prolong the shelf-life of the product, helping to decrease losses and waste during the bread food chain.<\/p>\n<p><strong>Keywords:<\/strong> wheat bread, microbiological stability, shelf-life, cold plasma, activated water.<\/p>\n<p><strong>REFERENCES<\/strong><\/p>\n<ol>\n<li>Dong, Y., &amp; Karboune, S. (2021). A review of bread qualities and current strategies for bread bioprotection: Flavor, sensory, rheological, and textural attributes. <em>Compr Rev Food Sci Food Saf, 20<\/em>, 1937\u20131981.\u00a0 https:\/\/doi.org\/10.1111\/1541\u00ad4337.12717<\/li>\n<li>Evaluation the baking value of passage flours. <em>Research for Rural Development, 2,<\/em> 36\u201342. https:\/\/doi.org\/10.22616\/rrd.25.2019.046<\/li>\n<li>Turcheniuk, L. O., Shevchenko, O. I., &amp; Shovhun, O. O. (2006). Khlibopekarski vlastyvosti boroshna i rol zovnishnoho temperaturnoho chynnyka v yikhnii otsintsi [Baking properties of flour and the role of external temperature factor in their evaluation]. <em>Sortovyvchennia ta okhorona prav na sorty roslyn\u2013 Variety research and protection of plant variety rights, 3<\/em>, 22\u201333. Retrieved from: http:\/\/nbuv.gov.ua\/UJRN\/stopnsr_2006_3_5 [in Ukr.].<\/li>\n<li>Bredariol, P., &amp; Vanin, F. M. (2021). Bread baking Review: Insight into Technological Aspects in order to Preserve Nutrition. <em>Food Reviews International,<\/em> 8755\u20139129. https:\/\/doi.org\/10.1080\/87559129.1878211<\/li>\n<li>Abu\u00adObaid, A., AbuHasan, S., &amp; Shraydeh, B. (2016). Determination and Degradation of Potassium Bromate Content in Dough and Bread Samples Due to the Presence of Metals.\u00a0<em>American Journal of Analytical Chemistry, 7, <\/em>487\u2013493. 10.4236\/ajac.2016.76046.<\/li>\n<li>Oyekunle, J. A. O., Adekunle, A. S., Ogunfowokan, A. O., Olutona, G. O., &amp; Omolere, O. B. (2014). Bromate and trace metal levels in bread loaves from outlets within Ile\u00adIfe Metropolis. <em>Southwestern Nigeria, Toxicology Reports, 1<\/em>, 24\u2013230. https:\/\/doi.org\/10.1016\/j.toxrep.2014.05.007<\/li>\n<li>St\u0119pniewska, S., S\u0142owik, E., &amp; Cacak\u00adPietrzak, G. (2018). Prediction of rye flour baking quality based on parameters of swelling curve. <em>Eur Food Res Technol, 244<\/em>, 989\u2013997. https:\/\/doi.org\/10.1007\/s00217\u00ad017\u00ad3014\u00adz<\/li>\n<li>Pikaev, A. K. (1986). <em>Sovremennaya radiatsionnaya khimiya: radioliz gazov i zhidkostey [Modern radiation chemistry: radiolysis of gases and liquids].<\/em> Moscow: Nauka, 360 p. [in Russ.].<\/li>\n<li>Jonah, Ch. D. (1995). A Short History of the Radiation Chemistry of Water. <em>Radiation Research\u00a0144,<\/em> 141\u2013147. https:\/\/doi.org\/10.2307\/3579253<\/li>\n<li>Pivovarov, A. A. &amp; Tishchenko, A. P. (2006). <em>Neravnovesnaya plazma: protsessy aktivatsii vody i vodnykh rastvorov [Nonequilibrium plasma: activation processes of water and aqueous solutions].<\/em> Dnepropetrovsk, 225 p. [in Russ.].<\/li>\n<li>Pivovarov, \u0410., Mykolenko, S., &amp; Honcharova, O. (2017). Biotesting of plasma\u00adchemically activated water with use of hydrobionts. <em>Eastern\u00adEuropean Journal of Enterprise Technologies, 4 <\/em>(10), 44\u201355. https:\/\/doi.org\/10.15587\/1729\u00ad4061.2017.1072011<\/li>\n<li>Pivovarov, A., Mykolenko, S., Hez\u2019, Y., &amp; Shcherbakov, S. (2018). Plasma\u00adchemically activated water influence on staling and safety of sprouted bread.\u00a0 <em>Kharchova nauka ta tekhnolohiia\u00a0\u2014 Food science and technology, 12, <\/em>100\u2013107. https:\/\/doi.org\/10.15673\/fst.v12i2.9400<\/li>\n<li>Mykolenko, S. Yu., Sokolov, V. Yu., &amp; Penkova, V. V. (2016). Doslidzhennia tekhnolohichnykh aspektiv vyrobnytstva khliba iz dysperhovanoi zernovoi masy z vykorystanniam dodatkovoi pidhotovky syrovyny [Research of technological aspects of bread production from dispersed grain mass with the use of additional preparation of raw materials]. <em>Grain Products and Mixed Fodder\u2019s, 64<\/em> (4), 10\u201315. [in Ukr.].<\/li>\n<li>Ureta, M. M., Diascorn, Y., Cambert M., Flick, D., Salvadori, V. O., &amp; Lucas, T. (2019). Water transport during bread baking: Impact of the baking temperature and the baking time. F<em>ood Sci Technol Int, 3<\/em>, 187\u2013197. https:\/\/doi.org\/10.1177\/1082013218814144<\/li>\n<li>Magala, M., Kohajdov\u00e1, Z., &amp; Karovi\u010dov\u00e1, J. (2011). Staling of bakery products. <em>Potravinarstvo Slovak Journal of Food Sciences, 5 <\/em>(2), 49\u201354. https:\/\/doi.org\/10.5219\/124<\/li>\n<li>Chen, Yi., Eder, S., Schubert, S., Gorgerat, S., Boschet, E., Baltensperger, L., St\u00e4deli, Ch., Kuster, S., Fischer, P., &amp; Windhab. E. J. (2021). Influence of Amylase Addition on Bread Quality and Bread Staling. ACS Food Science &amp; Technology, <em>1<\/em><em>\u00a0<\/em>(6), 1143\u20131150. https:\/\/doi.org\/10.1021\/acsfoodscitech.1c00158<\/li>\n<li>Chen, P. L., Long, Z., Ruan, R., &amp; Labuza, T. P. (1997). Nuclear magnetic resonance studies of water mobility in bread during storage. <em>LWT \u2014 Food Science and Technology<\/em><em>, 30 <\/em>(2), 178\u2013183. https:\/\/doi.org\/10.1006\/fstl.1996.0163<\/li>\n<li>Kozmina, N. P. (1978). <em>Biokhimiya khlebopecheniya [Biochemistry of bakery].<\/em> Moscow: Izd. Pishchevaya promyshlennost, 276 p. [in Russ.].<\/li>\n<li>Blekbern, K. (2008). <em>Mikrobiologicheskaya porcha pishchevykh produktov [Microbiological spoilage of food]<\/em>. St. Peterburg. 784 p. [in Russ.].<\/li>\n<li>Suhr, K. I., &amp; Nielsen, P. V. (2004). Effect of weak acid preservatives on growth of bakery product spoilage fungi at different water activities and pH values. <em>International Journal of Food Microbiology, 95<\/em> (1), 67\u201378. https:\/\/doi.org\/10.1016\/j.ijfoodmicro.2004.02.004<\/li>\n<li>Ijah, U. J., Auta, H. S., Aduloju, M. O., &amp; Aransiola. S. A. (2014). Microbiological, Nutritional, and Sensory Quality of Bread Produced from Wheat and Potato Flour Blends. <em>International journal of food science,\u00a02014<\/em>, 671\u2013701. https:\/\/doi.org\/10.1155\/2014\/671701<\/li>\n<li>Cauvain, S., &amp; Young, L. (2008). <em>Bakery Food Manufacture and Quality: Water Control and Effects<\/em>: Second Edition. ardcover, 304 \u0440. https:\/\/doi.org\/10.1002\/9781444301083<\/li>\n<li>Mykolenko, S., Stepanskiy, D., Tishchenko, A., &amp; Pivovarov, O. (2014). Investigation of the effect of water exposed to nonequilibrium contact plasma onto Saccharomyces cerevisiae yeast. <em>Ukrainian food journal, 3<\/em> (2), 218\u2013228.<\/li>\n<li>Mykolenko, S., Pivovarov, A., &amp; Tishchenko, A. (2014). Increasing of microbiological stability of bakery products with using plasmachemical techologies. E<em>astern\u00adEuropean Journal of Enterprise Technologies, 2<\/em>, 30\u201336. https:\/\/doi.org\/10.15587\/1729\u00ad4061.2014.237122<\/li>\n<\/ol>\n","protected":false},"excerpt":{"rendered":"<p>\u00a0PDF Pivovarov O. A. \u2014 D. Sc. in Engineering, Professor, Professor of the Department of Storage Technology and Processing of Agricultural Products of Dnipro State Agrarian University, Serhiy Yefremov Str., 25, Dnipro, Dnipropetrovsk Region, 49000; +38 (097) 342-46-60; apivo@ua.fm; https:\/\/orcid.org\/0000-0003-0520-171X Mykolenko S. Y. \u2014 PhD in Engineering, Associate Professor, Associate Professor of the Department Storage &hellip; <\/p>\n<p><a class=\"more-link btn\" href=\"https:\/\/nti.ukrintei.ua\/?page_id=3899&#038;lang=en\">Continue reading<\/a><\/p>\n","protected":false},"author":3,"featured_media":0,"parent":0,"menu_order":0,"comment_status":"closed","ping_status":"closed","template":"","meta":[],"_links":{"self":[{"href":"https:\/\/nti.ukrintei.ua\/index.php?rest_route=\/wp\/v2\/pages\/3899"}],"collection":[{"href":"https:\/\/nti.ukrintei.ua\/index.php?rest_route=\/wp\/v2\/pages"}],"about":[{"href":"https:\/\/nti.ukrintei.ua\/index.php?rest_route=\/wp\/v2\/types\/page"}],"author":[{"embeddable":true,"href":"https:\/\/nti.ukrintei.ua\/index.php?rest_route=\/wp\/v2\/users\/3"}],"replies":[{"embeddable":true,"href":"https:\/\/nti.ukrintei.ua\/index.php?rest_route=%2Fwp%2Fv2%2Fcomments&post=3899"}],"version-history":[{"count":4,"href":"https:\/\/nti.ukrintei.ua\/index.php?rest_route=\/wp\/v2\/pages\/3899\/revisions"}],"predecessor-version":[{"id":7086,"href":"https:\/\/nti.ukrintei.ua\/index.php?rest_route=\/wp\/v2\/pages\/3899\/revisions\/7086"}],"wp:attachment":[{"href":"https:\/\/nti.ukrintei.ua\/index.php?rest_route=%2Fwp%2Fv2%2Fmedia&parent=3899"}],"curies":[{"name":"wp","href":"https:\/\/api.w.org\/{rel}","templated":true}]}}